{"id":26,"date":"2023-08-24T14:20:52","date_gmt":"2023-08-24T12:20:52","guid":{"rendered":"https:\/\/lacordaire-avocat.fr\/index.php\/home\/"},"modified":"2023-09-01T15:40:17","modified_gmt":"2023-09-01T13:40:17","slug":"evelyne-lacordaire","status":"publish","type":"page","link":"https:\/\/lacordaire-avocat.fr\/","title":{"rendered":"Evelyne LACORDAIRE"},"content":{"rendered":"<section class=\"bde-section-26-100 bde-section\">\n              \n  \n\t\n\n  <div class=\"section-background-overlay\"><\/div>\n\n\n<div class=\"section-container\"><h1 class=\"bde-dual-heading-26-117 bde-dual-heading\">\n\n\n            <span data-style=\"primary\" class=\"dual-heading--primary  \">Evelyne LACORDAIRE<\/span>\n\n            <span data-style=\"secondary\" class=\"dual-heading--secondary  \">Avocat<\/span>\n\n\n\n<\/h1><h3 class=\"bde-heading-26-114 bde-heading\">\nAix les Bains  - Chamb\u00e9ry\n<\/h3><div class=\"bde-text-26-115 bde-text\">\nDroit des personnes et Droit de la Famille  <\/br>  Droit des Affaires, Droit Commercial, baux et fonds de commerce, Droit du travail\n<\/div><div class=\"bde-button-26-116 bde-button\">\n    \n                                    \n    \n    \n    \n    \n            \n                    \n            \n            \n\n    \n    \n    \n    \n    <a class=\"breakdance-link button-atom button-atom--primary bde-button__button\" href=\"mailto:evylacordaire@gmail.com?subject=Demande depuis le site Web&body=\" target=\"_blank\" data-type=\"contact\"  >\n\n    \n        <span class=\"button-atom__text\">Contact par email<\/span>\n\n        \n        \n                <\/a>\n\n    \n\n\n<\/div><div class=\"bde-div-26-119 bde-div\">\n  \n\t\n\n\n\n<div class=\"bde-text-26-120 bde-text\">\nAvocate inscrite au Barreau de Chamb\u00e9ry\n<\/div><div class=\"bde-fancy-divider-26-121 bde-fancy-divider\">\n\n\n<div class=\"bde-fancy-divider__wrapper\">\n  <div class=\"bde-fancy-divider__separator   \">\n  \t  <\/div>\n<\/div>\n\n<\/div>\n<\/div><\/div>\n<\/section><section class=\"bde-section-26-214 bde-section\">\n  \n\t\n\n\n\n<div class=\"section-container\"><h2 class=\"bde-dual-heading-26-215 bde-dual-heading\">\n\n\n            <span data-style=\"secondary\" class=\"dual-heading--secondary  \">T\u00e9l. : 0479359238<\/span>\n\n\n\n<\/h2><h2 class=\"bde-dual-heading-26-220 bde-dual-heading\">\n\n\n            <span data-style=\"primary\" class=\"dual-heading--primary  \">Adresse et<\/span>\n\n            <span data-style=\"secondary\" class=\"dual-heading--secondary  \">Horaires<\/span>\n\n\n\n<\/h2><div class=\"bde-text-26-216 bde-text\">\n<strong> Sur RDV <\/strong><br>38 All. Collombert<br>73100 Aix-les-Bains<\/br><br><strong>Horaires : <\/strong><br>lundi\t 08:45\u201312:00, 14:00\u201318:00<br>mardi\t 08:45\u201312:00, 14:00\u201318:00<br>mercredi 08:45\u201312:00, 14:00\u201317:30<br>jeudi\t 08:45\u201312:00, 14:00\u201318:00<br>vendredi 08:45\u201312:00, 14:00\u201318:00<br><strong>samedi\t Ferm\u00e9<br>dimanche Ferm\u00e9<\/strong>\n<\/div><div class=\"bde-fancy-divider-26-217 bde-fancy-divider\">\n\n\n<div class=\"bde-fancy-divider__wrapper\">\n  <div class=\"bde-fancy-divider__separator   \">\n  \t  <\/div>\n<\/div>\n\n<\/div><div class=\"bde-post-loop-26-219 bde-post-loop\">\n<div class=\"ee-posts ee-posts-grid\"><\/div>\n\n<\/div><\/div>\n<\/section>","protected":false},"excerpt":{"rendered":"<p>Evelyne LACORDAIRE Avocat Aix les Bains &#8211; Chamb\u00e9ry Droit des personnes et Droit de la Famille Droit des Affaires, Droit Commercial, baux et fonds de commerce, Droit du travail Contact par email Avocate inscrite au Barreau de Chamb\u00e9ry T\u00e9l. : 0479359238 Adresse et Horaires Sur RDV 38 All. Collombert73100 Aix-les-BainsHoraires : lundi 08:45\u201312:00, 14:00\u201318:00mardi 08:45\u201312:00, [&hellip;]<\/p>\n","protected":false},"author":1,"featured_media":0,"parent":0,"menu_order":0,"comment_status":"closed","ping_status":"closed","template":"","meta":{"_breakdance_hide_in_design_set":false,"_breakdance_tags":"","footnotes":""},"class_list":["post-26","page","type-page","status-publish","hentry"],"yoast_head":"<!-- This site is optimized with the Yoast SEO plugin v27.3 - https:\/\/yoast.com\/product\/yoast-seo-wordpress\/ -->\n<title>Evelyne LACORDAIRE - Avocat Aix les Bains<\/title>\n<meta name=\"description\" content=\"Avocate Aix les Bains, Chamb\u00e9ry Savoie Avocate Exp\u00e9riment\u00e9e et Comp\u00e9tente en Droit des personnes divorce \u00e0 l&#039;amiable, adoption et Droit des Affaires du Travail. Conseil. Services Licenciement, Rupture, Harcelement. Negociation. Contentieux.\" \/>\n<meta name=\"robots\" content=\"index, follow, max-snippet:-1, max-image-preview:large, max-video-preview:-1\" \/>\n<link rel=\"canonical\" href=\"https:\/\/lacordaire-avocat.fr\/\" \/>\n<meta property=\"og:locale\" content=\"en_US\" \/>\n<meta property=\"og:type\" content=\"article\" \/>\n<meta property=\"og:title\" content=\"Evelyne LACORDAIRE - Avocat Aix les Bains\" \/>\n<meta property=\"og:description\" content=\"Avocate Aix les Bains, Chamb\u00e9ry Savoie Avocate Exp\u00e9riment\u00e9e et Comp\u00e9tente en Droit des personnes divorce \u00e0 l&#039;amiable, adoption et Droit des Affaires du Travail. Conseil. Services Licenciement, Rupture, Harcelement. Negociation. Contentieux.\" \/>\n<meta property=\"og:url\" content=\"https:\/\/lacordaire-avocat.fr\/\" \/>\n<meta property=\"og:site_name\" content=\"Avocat Aix les Bains\" \/>\n<meta property=\"article:modified_time\" content=\"2023-09-01T13:40:17+00:00\" \/>\n<meta name=\"twitter:card\" content=\"summary_large_image\" \/>\n<script type=\"application\/ld+json\" class=\"yoast-schema-graph\">{\"@context\":\"https:\\\/\\\/schema.org\",\"@graph\":[{\"@type\":\"WebPage\",\"@id\":\"https:\\\/\\\/lacordaire-avocat.fr\\\/\",\"url\":\"https:\\\/\\\/lacordaire-avocat.fr\\\/\",\"name\":\"Evelyne LACORDAIRE - Avocat Aix les Bains\",\"isPartOf\":{\"@id\":\"https:\\\/\\\/lacordaire-avocat.fr\\\/#website\"},\"datePublished\":\"2023-08-24T12:20:52+00:00\",\"dateModified\":\"2023-09-01T13:40:17+00:00\",\"description\":\"Avocate Aix les Bains, Chamb\u00e9ry Savoie Avocate Exp\u00e9riment\u00e9e et Comp\u00e9tente en Droit des personnes divorce \u00e0 l'amiable, adoption et Droit des Affaires du Travail. Conseil. Services Licenciement, Rupture, Harcelement. Negociation. Contentieux.\",\"breadcrumb\":{\"@id\":\"https:\\\/\\\/lacordaire-avocat.fr\\\/#breadcrumb\"},\"inLanguage\":\"en-US\",\"potentialAction\":[{\"@type\":\"ReadAction\",\"target\":[\"https:\\\/\\\/lacordaire-avocat.fr\\\/\"]}]},{\"@type\":\"BreadcrumbList\",\"@id\":\"https:\\\/\\\/lacordaire-avocat.fr\\\/#breadcrumb\",\"itemListElement\":[{\"@type\":\"ListItem\",\"position\":1,\"name\":\"Accueil\",\"item\":\"https:\\\/\\\/lacordaire-avocat.fr\\\/\"},{\"@type\":\"ListItem\",\"position\":2,\"name\":\"Evelyne LACORDAIRE\"}]},{\"@type\":\"WebSite\",\"@id\":\"https:\\\/\\\/lacordaire-avocat.fr\\\/#website\",\"url\":\"https:\\\/\\\/lacordaire-avocat.fr\\\/\",\"name\":\"Avocat Aix les Bains\",\"description\":\"\",\"potentialAction\":[{\"@type\":\"SearchAction\",\"target\":{\"@type\":\"EntryPoint\",\"urlTemplate\":\"https:\\\/\\\/lacordaire-avocat.fr\\\/?s={search_term_string}\"},\"query-input\":{\"@type\":\"PropertyValueSpecification\",\"valueRequired\":true,\"valueName\":\"search_term_string\"}}],\"inLanguage\":\"en-US\"}]}<\/script>\n<!-- \/ Yoast SEO plugin. -->","yoast_head_json":{"title":"Evelyne LACORDAIRE - Avocat Aix les Bains","description":"Avocate Aix les Bains, Chamb\u00e9ry Savoie Avocate Exp\u00e9riment\u00e9e et Comp\u00e9tente en Droit des personnes divorce \u00e0 l'amiable, adoption et Droit des Affaires du Travail. Conseil. Services Licenciement, Rupture, Harcelement. Negociation. Contentieux.","robots":{"index":"index","follow":"follow","max-snippet":"max-snippet:-1","max-image-preview":"max-image-preview:large","max-video-preview":"max-video-preview:-1"},"canonical":"https:\/\/lacordaire-avocat.fr\/","og_locale":"en_US","og_type":"article","og_title":"Evelyne LACORDAIRE - Avocat Aix les Bains","og_description":"Avocate Aix les Bains, Chamb\u00e9ry Savoie Avocate Exp\u00e9riment\u00e9e et Comp\u00e9tente en Droit des personnes divorce \u00e0 l'amiable, adoption et Droit des Affaires du Travail. Conseil. Services Licenciement, Rupture, Harcelement. Negociation. Contentieux.","og_url":"https:\/\/lacordaire-avocat.fr\/","og_site_name":"Avocat Aix les Bains","article_modified_time":"2023-09-01T13:40:17+00:00","twitter_card":"summary_large_image","schema":{"@context":"https:\/\/schema.org","@graph":[{"@type":"WebPage","@id":"https:\/\/lacordaire-avocat.fr\/","url":"https:\/\/lacordaire-avocat.fr\/","name":"Evelyne LACORDAIRE - Avocat Aix les Bains","isPartOf":{"@id":"https:\/\/lacordaire-avocat.fr\/#website"},"datePublished":"2023-08-24T12:20:52+00:00","dateModified":"2023-09-01T13:40:17+00:00","description":"Avocate Aix les Bains, Chamb\u00e9ry Savoie Avocate Exp\u00e9riment\u00e9e et Comp\u00e9tente en Droit des personnes divorce \u00e0 l'amiable, adoption et Droit des Affaires du Travail. Conseil. Services Licenciement, Rupture, Harcelement. Negociation. Contentieux.","breadcrumb":{"@id":"https:\/\/lacordaire-avocat.fr\/#breadcrumb"},"inLanguage":"en-US","potentialAction":[{"@type":"ReadAction","target":["https:\/\/lacordaire-avocat.fr\/"]}]},{"@type":"BreadcrumbList","@id":"https:\/\/lacordaire-avocat.fr\/#breadcrumb","itemListElement":[{"@type":"ListItem","position":1,"name":"Accueil","item":"https:\/\/lacordaire-avocat.fr\/"},{"@type":"ListItem","position":2,"name":"Evelyne LACORDAIRE"}]},{"@type":"WebSite","@id":"https:\/\/lacordaire-avocat.fr\/#website","url":"https:\/\/lacordaire-avocat.fr\/","name":"Avocat Aix les Bains","description":"","potentialAction":[{"@type":"SearchAction","target":{"@type":"EntryPoint","urlTemplate":"https:\/\/lacordaire-avocat.fr\/?s={search_term_string}"},"query-input":{"@type":"PropertyValueSpecification","valueRequired":true,"valueName":"search_term_string"}}],"inLanguage":"en-US"}]}},"_links":{"self":[{"href":"https:\/\/lacordaire-avocat.fr\/index.php\/wp-json\/wp\/v2\/pages\/26","targetHints":{"allow":["GET"]}}],"collection":[{"href":"https:\/\/lacordaire-avocat.fr\/index.php\/wp-json\/wp\/v2\/pages"}],"about":[{"href":"https:\/\/lacordaire-avocat.fr\/index.php\/wp-json\/wp\/v2\/types\/page"}],"author":[{"embeddable":true,"href":"https:\/\/lacordaire-avocat.fr\/index.php\/wp-json\/wp\/v2\/users\/1"}],"replies":[{"embeddable":true,"href":"https:\/\/lacordaire-avocat.fr\/index.php\/wp-json\/wp\/v2\/comments?post=26"}],"version-history":[{"count":12,"href":"https:\/\/lacordaire-avocat.fr\/index.php\/wp-json\/wp\/v2\/pages\/26\/revisions"}],"predecessor-version":[{"id":61,"href":"https:\/\/lacordaire-avocat.fr\/index.php\/wp-json\/wp\/v2\/pages\/26\/revisions\/61"}],"wp:attachment":[{"href":"https:\/\/lacordaire-avocat.fr\/index.php\/wp-json\/wp\/v2\/media?parent=26"}],"curies":[{"name":"wp","href":"https:\/\/api.w.org\/{rel}","templated":true}]}}